{"id":280,"date":"2022-01-13T13:16:02","date_gmt":"2022-01-13T12:16:02","guid":{"rendered":"https:\/\/alexandragrosser.de\/?page_id=280"},"modified":"2022-01-17T17:34:40","modified_gmt":"2022-01-17T16:34:40","slug":"spracherwerb-krippe","status":"publish","type":"page","link":"https:\/\/alexandragrosser.de\/startseite\/themen\/spracherwerb-krippe\/","title":{"rendered":"Spielend leicht Sprache erwerben &#8211; Dialoge mit Krippenkindern f\u00fchren"},"content":{"rendered":"\n<p>Jeder Tag ist Sprachlerntag. Scheinbar lernen Kinder Sprache wie von selbst. Kinder lernen im Dialog, im gemeinsamen Handeln, miteinander agieren, sprechen und durch beobachten. Damit Kinder ihre sprachlichen F\u00e4higkeiten entwickeln, braucht es neben einer sprachanregenden Umgebung, \u00e4ltere Kinder und Erwachsene, die sie dabei begleiten und unterst\u00fctzen. <\/p>\n\n\n\n<p>In diesem Workshop widmen wir uns der eigenen Rolle als sprachliches Vorbild, der Sprachentwicklung von Kindern im Allgemeinen und wie wir mit Kindern feinf\u00fchlige Dialoge f\u00fchren. <\/p>\n\n\n\n<p><strong>Themen im Workshop sind:<\/strong><\/p>\n\n\n\n<div class=\"wp-block-advgb-list\"><ul class=\"advgblist-0700d598-1e60-49b5-9dc3-7cd9a57d98e2 advgb-list advgb-list-controls-play\"><li>Meilensteine der Sprachentwicklung <\/li><li>Meine Rolle als sprachliches Vorbild<\/li><li>sprachliche Bildung im Alltag<\/li><li>feinf\u00fchlige Dialoge f\u00fchren<\/li><li>Sprachlehrstrategien f\u00fcr den Alltag<\/li><\/ul><\/div>\n\n\n\n<p>Im Workshopbekommen Sie theoretische Impulse. Wir arbeiten mit Videobeispielen, in Einzel- und Kleingruppenarbeit, im Plenum, mit Reflexionseinheiten und \u00dcbungen. <\/p>\n\n\n\n<p>Dieser Workshop ist f\u00fcr zwei Tage \u00e1 7 Stunden (inklusive 1 Stunde Mittagspause) konzipiert. Weitere Themen und welchen Gewinn Sie von einem <a href=\"https:\/\/alexandragrosser.de\/themen\/\">Inhouse-Seminar haben, erfahren Sie hier<\/a>.<\/p>\n\n\n\n<p>Habe ich Ihr Interesse geweckt? Dann k\u00f6nnen Sie auf verschiedenen Wegen mit mir <a href=\"https:\/\/alexandragrosser.de\/kontakt\/\" rel=\"nofollow\">Kontakt <\/a>aufnehmen: per \u25a4 Kontaktformular, \u2709 Mail oder \u260f Telefon. Ich freue mich auf Sie. <\/p>\n<style class=\"advgb-styles-renderer\">.wp-block-advgb-list ul.advgblist-0700d598-1e60-49b5-9dc3-7cd9a57d98e2 > li{font-size:18px;}.wp-block-advgb-list ul.advgblist-0700d598-1e60-49b5-9dc3-7cd9a57d98e2 > li{padding-left:20px;margin-left:0;}.wp-block-advgb-list ul.advgblist-0700d598-1e60-49b5-9dc3-7cd9a57d98e2 > li:before{font-size:18px;color:#971111;line-height:18px;margin:2px;padding:2px;margin-left:-22px}<\/style>","protected":false},"excerpt":{"rendered":"<p>Jeder Tag ist Sprachlerntag. Scheinbar lernen Kinder Sprache wie von selbst. Kinder lernen im Dialog, im gemeinsamen Handeln, miteinander agieren, sprechen und durch beobachten. Damit Kinder ihre sprachlichen F\u00e4higkeiten entwickeln, braucht es neben einer sprachanregenden Umgebung, \u00e4ltere Kinder und Erwachsene, <span class=\"excerpt-dots\">&hellip;<\/span> <a class=\"more-link\" href=\"https:\/\/alexandragrosser.de\/startseite\/themen\/spracherwerb-krippe\/\"><span class=\"more-msg\">Weiterlesen &rarr;<\/span><\/a><\/p>\n","protected":false},"author":1,"featured_media":0,"parent":98,"menu_order":3,"comment_status":"closed","ping_status":"closed","template":"","meta":{"_uag_custom_page_level_css":"","advgb_blocks_editor_width":"","advgb_blocks_columns_visual_guide":"","footnotes":""},"class_list":["post-280","page","type-page","status-publish","hentry"],"yoast_head":"<!-- This site is optimized with the Yoast SEO plugin v27.1.1 - https:\/\/yoast.com\/product\/yoast-seo-wordpress\/ -->\n<title>Spielend leicht Sprache erwerben - Dialoge mit Krippenkindern f\u00fchren | Impuls &amp; Begleitung<\/title>\n<meta name=\"description\" content=\"Im Workshop erfahren Sie wie Krippenkinder Sprache erwerben und wie Sie mit Ihnen feinf\u00fchlige Dialoge f\u00fchren.\" \/>\n<meta name=\"robots\" content=\"index, follow, max-snippet:-1, max-image-preview:large, max-video-preview:-1\" \/>\n<link rel=\"canonical\" href=\"https:\/\/alexandragrosser.de\/startseite\/themen\/spracherwerb-krippe\/\" \/>\n<meta property=\"og:locale\" content=\"de_DE\" \/>\n<meta property=\"og:type\" content=\"article\" \/>\n<meta property=\"og:title\" content=\"Spielend leicht Sprache erwerben - Dialoge mit Krippenkindern f\u00fchren | Impuls &amp; Begleitung\" \/>\n<meta property=\"og:description\" content=\"Im Workshop erfahren Sie wie Krippenkinder Sprache erwerben und wie Sie mit Ihnen feinf\u00fchlige Dialoge f\u00fchren.\" \/>\n<meta property=\"og:url\" content=\"https:\/\/alexandragrosser.de\/startseite\/themen\/spracherwerb-krippe\/\" \/>\n<meta property=\"og:site_name\" content=\"Impuls &amp; Begleitung\" \/>\n<meta property=\"article:modified_time\" content=\"2022-01-17T16:34:40+00:00\" \/>\n<meta property=\"og:image\" content=\"https:\/\/alexandragrosser.de\/wp-content\/uploads\/2023\/11\/Logo-Impuls1.jpg\" \/>\n\t<meta property=\"og:image:width\" content=\"500\" \/>\n\t<meta property=\"og:image:height\" content=\"500\" \/>\n\t<meta property=\"og:image:type\" content=\"image\/jpeg\" \/>\n<meta name=\"twitter:card\" content=\"summary_large_image\" \/>\n<meta name=\"twitter:label1\" content=\"Gesch\u00e4tzte Lesezeit\" \/>\n\t<meta name=\"twitter:data1\" content=\"1\u00a0Minute\" \/>\n<script type=\"application\/ld+json\" class=\"yoast-schema-graph\">{\"@context\":\"https:\/\/schema.org\",\"@graph\":[{\"@type\":\"WebPage\",\"@id\":\"https:\/\/alexandragrosser.de\/startseite\/themen\/spracherwerb-krippe\/\",\"url\":\"https:\/\/alexandragrosser.de\/startseite\/themen\/spracherwerb-krippe\/\",\"name\":\"Spielend leicht Sprache erwerben - Dialoge mit Krippenkindern f\u00fchren | Impuls &amp; Begleitung\",\"isPartOf\":{\"@id\":\"https:\/\/alexandragrosser.de\/startseite\/#website\"},\"datePublished\":\"2022-01-13T12:16:02+00:00\",\"dateModified\":\"2022-01-17T16:34:40+00:00\",\"description\":\"Im Workshop erfahren Sie wie Krippenkinder Sprache erwerben und wie Sie mit Ihnen feinf\u00fchlige Dialoge f\u00fchren.\",\"breadcrumb\":{\"@id\":\"https:\/\/alexandragrosser.de\/startseite\/themen\/spracherwerb-krippe\/#breadcrumb\"},\"inLanguage\":\"de\",\"potentialAction\":[{\"@type\":\"ReadAction\",\"target\":[\"https:\/\/alexandragrosser.de\/startseite\/themen\/spracherwerb-krippe\/\"]}]},{\"@type\":\"BreadcrumbList\",\"@id\":\"https:\/\/alexandragrosser.de\/startseite\/themen\/spracherwerb-krippe\/#breadcrumb\",\"itemListElement\":[{\"@type\":\"ListItem\",\"position\":1,\"name\":\"Startseite\",\"item\":\"https:\/\/alexandragrosser.de\/startseite\/\"},{\"@type\":\"ListItem\",\"position\":2,\"name\":\"Workshopthemen\",\"item\":\"https:\/\/alexandragrosser.de\/startseite\/?page_id=98\"},{\"@type\":\"ListItem\",\"position\":3,\"name\":\"Spielend leicht Sprache erwerben &#8211; Dialoge mit Krippenkindern f\u00fchren\"}]},{\"@type\":\"WebSite\",\"@id\":\"https:\/\/alexandragrosser.de\/startseite\/#website\",\"url\":\"https:\/\/alexandragrosser.de\/startseite\/\",\"name\":\"Alexandra Gro\u00dfer\",\"description\":\"Impuls und Begleitung - Seminare, Beratung, Blog-Impulse\",\"publisher\":{\"@id\":\"https:\/\/alexandragrosser.de\/startseite\/#organization\"},\"potentialAction\":[{\"@type\":\"SearchAction\",\"target\":{\"@type\":\"EntryPoint\",\"urlTemplate\":\"https:\/\/alexandragrosser.de\/startseite\/?s={search_term_string}\"},\"query-input\":{\"@type\":\"PropertyValueSpecification\",\"valueRequired\":true,\"valueName\":\"search_term_string\"}}],\"inLanguage\":\"de\"},{\"@type\":\"Organization\",\"@id\":\"https:\/\/alexandragrosser.de\/startseite\/#organization\",\"name\":\"Impuls und Begleitung\",\"url\":\"https:\/\/alexandragrosser.de\/startseite\/\",\"logo\":{\"@type\":\"ImageObject\",\"inLanguage\":\"de\",\"@id\":\"https:\/\/alexandragrosser.de\/startseite\/#\/schema\/logo\/image\/\",\"url\":\"https:\/\/alexandragrosser.de\/wp-content\/uploads\/2023\/11\/Logo-Impuls1.jpg\",\"contentUrl\":\"https:\/\/alexandragrosser.de\/wp-content\/uploads\/2023\/11\/Logo-Impuls1.jpg\",\"width\":500,\"height\":500,\"caption\":\"Impuls und Begleitung\"},\"image\":{\"@id\":\"https:\/\/alexandragrosser.de\/startseite\/#\/schema\/logo\/image\/\"}}]}<\/script>\n<!-- \/ Yoast SEO plugin. -->","yoast_head_json":{"title":"Spielend leicht Sprache erwerben - Dialoge mit Krippenkindern f\u00fchren | Impuls &amp; Begleitung","description":"Im Workshop erfahren Sie wie Krippenkinder Sprache erwerben und wie Sie mit Ihnen feinf\u00fchlige Dialoge f\u00fchren.","robots":{"index":"index","follow":"follow","max-snippet":"max-snippet:-1","max-image-preview":"max-image-preview:large","max-video-preview":"max-video-preview:-1"},"canonical":"https:\/\/alexandragrosser.de\/startseite\/themen\/spracherwerb-krippe\/","og_locale":"de_DE","og_type":"article","og_title":"Spielend leicht Sprache erwerben - Dialoge mit Krippenkindern f\u00fchren | Impuls &amp; Begleitung","og_description":"Im Workshop erfahren Sie wie Krippenkinder Sprache erwerben und wie Sie mit Ihnen feinf\u00fchlige Dialoge f\u00fchren.","og_url":"https:\/\/alexandragrosser.de\/startseite\/themen\/spracherwerb-krippe\/","og_site_name":"Impuls &amp; Begleitung","article_modified_time":"2022-01-17T16:34:40+00:00","og_image":[{"width":500,"height":500,"url":"https:\/\/alexandragrosser.de\/wp-content\/uploads\/2023\/11\/Logo-Impuls1.jpg","type":"image\/jpeg"}],"twitter_card":"summary_large_image","twitter_misc":{"Gesch\u00e4tzte Lesezeit":"1\u00a0Minute"},"schema":{"@context":"https:\/\/schema.org","@graph":[{"@type":"WebPage","@id":"https:\/\/alexandragrosser.de\/startseite\/themen\/spracherwerb-krippe\/","url":"https:\/\/alexandragrosser.de\/startseite\/themen\/spracherwerb-krippe\/","name":"Spielend leicht Sprache erwerben - Dialoge mit Krippenkindern f\u00fchren | Impuls &amp; Begleitung","isPartOf":{"@id":"https:\/\/alexandragrosser.de\/startseite\/#website"},"datePublished":"2022-01-13T12:16:02+00:00","dateModified":"2022-01-17T16:34:40+00:00","description":"Im Workshop erfahren Sie wie Krippenkinder Sprache erwerben und wie Sie mit Ihnen feinf\u00fchlige Dialoge f\u00fchren.","breadcrumb":{"@id":"https:\/\/alexandragrosser.de\/startseite\/themen\/spracherwerb-krippe\/#breadcrumb"},"inLanguage":"de","potentialAction":[{"@type":"ReadAction","target":["https:\/\/alexandragrosser.de\/startseite\/themen\/spracherwerb-krippe\/"]}]},{"@type":"BreadcrumbList","@id":"https:\/\/alexandragrosser.de\/startseite\/themen\/spracherwerb-krippe\/#breadcrumb","itemListElement":[{"@type":"ListItem","position":1,"name":"Startseite","item":"https:\/\/alexandragrosser.de\/startseite\/"},{"@type":"ListItem","position":2,"name":"Workshopthemen","item":"https:\/\/alexandragrosser.de\/startseite\/?page_id=98"},{"@type":"ListItem","position":3,"name":"Spielend leicht Sprache erwerben &#8211; Dialoge mit Krippenkindern f\u00fchren"}]},{"@type":"WebSite","@id":"https:\/\/alexandragrosser.de\/startseite\/#website","url":"https:\/\/alexandragrosser.de\/startseite\/","name":"Alexandra Gro\u00dfer","description":"Impuls und Begleitung - Seminare, Beratung, Blog-Impulse","publisher":{"@id":"https:\/\/alexandragrosser.de\/startseite\/#organization"},"potentialAction":[{"@type":"SearchAction","target":{"@type":"EntryPoint","urlTemplate":"https:\/\/alexandragrosser.de\/startseite\/?s={search_term_string}"},"query-input":{"@type":"PropertyValueSpecification","valueRequired":true,"valueName":"search_term_string"}}],"inLanguage":"de"},{"@type":"Organization","@id":"https:\/\/alexandragrosser.de\/startseite\/#organization","name":"Impuls und Begleitung","url":"https:\/\/alexandragrosser.de\/startseite\/","logo":{"@type":"ImageObject","inLanguage":"de","@id":"https:\/\/alexandragrosser.de\/startseite\/#\/schema\/logo\/image\/","url":"https:\/\/alexandragrosser.de\/wp-content\/uploads\/2023\/11\/Logo-Impuls1.jpg","contentUrl":"https:\/\/alexandragrosser.de\/wp-content\/uploads\/2023\/11\/Logo-Impuls1.jpg","width":500,"height":500,"caption":"Impuls und Begleitung"},"image":{"@id":"https:\/\/alexandragrosser.de\/startseite\/#\/schema\/logo\/image\/"}}]}},"uagb_featured_image_src":{"full":false,"thumbnail":false,"medium":false,"medium_large":false,"large":false,"1536x1536":false,"2048x2048":false,"ultp_layout_landscape_large":false,"ultp_layout_landscape":false,"ultp_layout_portrait":false,"ultp_layout_square":false},"uagb_author_info":{"display_name":"Alexandra","author_link":"https:\/\/alexandragrosser.de\/startseite\/author\/alexandra\/"},"uagb_comment_info":0,"uagb_excerpt":"Jeder Tag ist Sprachlerntag. Scheinbar lernen Kinder Sprache wie von selbst. Kinder lernen im Dialog, im gemeinsamen Handeln, miteinander agieren, sprechen und durch beobachten. Damit Kinder ihre sprachlichen F\u00e4higkeiten entwickeln, braucht es neben einer sprachanregenden Umgebung, \u00e4ltere Kinder und Erwachsene, &hellip; Weiterlesen &rarr;","coauthors":[],"author_meta":{"author_link":"https:\/\/alexandragrosser.de\/startseite\/author\/alexandra\/","display_name":"Alexandra"},"relative_dates":{"created":"Posted 4\u00a0Jahren ago","modified":"Updated 4\u00a0Jahren ago"},"absolute_dates":{"created":"Posted on 13. Januar 2022","modified":"Updated on 17. Januar 2022"},"absolute_dates_time":{"created":"Posted on 13. Januar 2022 13:16","modified":"Updated on 17. Januar 2022 17:34"},"featured_img_caption":"","featured_img":false,"series_order":"","_links":{"self":[{"href":"https:\/\/alexandragrosser.de\/startseite\/wp-json\/wp\/v2\/pages\/280","targetHints":{"allow":["GET"]}}],"collection":[{"href":"https:\/\/alexandragrosser.de\/startseite\/wp-json\/wp\/v2\/pages"}],"about":[{"href":"https:\/\/alexandragrosser.de\/startseite\/wp-json\/wp\/v2\/types\/page"}],"author":[{"embeddable":true,"href":"https:\/\/alexandragrosser.de\/startseite\/wp-json\/wp\/v2\/users\/1"}],"replies":[{"embeddable":true,"href":"https:\/\/alexandragrosser.de\/startseite\/wp-json\/wp\/v2\/comments?post=280"}],"version-history":[{"count":0,"href":"https:\/\/alexandragrosser.de\/startseite\/wp-json\/wp\/v2\/pages\/280\/revisions"}],"up":[{"embeddable":true,"href":"https:\/\/alexandragrosser.de\/startseite\/wp-json\/wp\/v2\/pages\/98"}],"wp:attachment":[{"href":"https:\/\/alexandragrosser.de\/startseite\/wp-json\/wp\/v2\/media?parent=280"}],"curies":[{"name":"wp","href":"https:\/\/api.w.org\/{rel}","templated":true}]}}