{"id":16,"date":"2024-04-18T15:52:00","date_gmt":"2024-04-18T13:52:00","guid":{"rendered":"https:\/\/alexandragrosser.de\/?page_id=16"},"modified":"2026-01-30T14:51:45","modified_gmt":"2026-01-30T13:51:45","slug":"agb","status":"publish","type":"page","link":"https:\/\/alexandragrosser.de\/startseite\/agb\/","title":{"rendered":"Allgemeine Gesch\u00e4ftsbedingungen &#8211; AGB"},"content":{"rendered":"\n<p>Mit der Anmeldung und der Anmeldebest\u00e4tigung bzw. Auftragsbest\u00e4tigung per Mail \/ Post kommt ein Vertrag mit <strong>Impuls &amp; Begleitung<\/strong>, deren Inhaberin Alexandra Gro\u00dfer ist, nachfolgend Impuls &amp; Begleitung genannt, zustande. Mit Ihrer Anmeldung akzeptieren Sie die Allgemeinen Gesch\u00e4ftsbedingungen von Impuls &amp; Begleitung.<\/p>\n\n\n\n<h5 class=\"wp-block-heading\">Anmeldung \/ Absage \/ \u00c4nderung von Veranstaltungen<\/h5>\n\n\n\n<p>Die Anmeldung erfolgt in Schriftform durch Anmeldeformular oder formlos per Brief oder per Mail an a&#110;&#x66;&#x72;&#x61;g&#101;&#64;&#x61;&#x6c;e&#120;&#97;&#x6e;&#x64;ra&#103;&#x72;&#x6f;&#x73;s&#101;&#x72;&#x2e;&#x64;e<\/p>\n\n\n\n<p>Wenn Sie von einer Anmeldung zur\u00fccktreten m\u00f6chten, nachdem Sie von uns eine Anmeldebest\u00e4tigung erhalten haben, haben Sie dies fr\u00fchzeitig in schriftlicher Form mitzuteilen. In jedem Fall wird eine Bearbeitungsgeb\u00fchr von 20 % der Teilnahmergeb\u00fchr bzw. Workshopkosten\/Inhouse-Workshop erhoben.<\/p>\n\n\n\n<p>Bei Stornierungen ab einer Woche vor Beginn der Veranstaltung wird die volle Kursgeb\u00fchr erhoben.<\/p>\n\n\n\n<p>Ihnen entstehen keine Kosten, wenn Sie eine Ersatzteilnehmer*in benennen.<\/p>\n\n\n\n<p>Eine K\u00fcndigung des Vertrags nach Beginn der Veranstaltung ist nicht m\u00f6glich. Das Recht zur K\u00fcndigung aus wichtigem Grund bleibt unber\u00fchrt. <\/p>\n\n\n\n<p>Impuls &amp; Begleitung beh\u00e4lt sich vor, Veranstaltungen aus organisatorischen Gr\u00fcnden, z. B. wegen zu geringer Teilnehmerzahl oder pl\u00f6tzliche Erkrankung der Referentin, abzusagen. In diesem Fall wird Impuls &amp; Begleitung entscheiden, ob sie Ihnen einen Ersatztermin anbietet, Ihre bereits gezahlten Workshopgeb\u00fchren zur\u00fcck erstattet oder eine Referentin \/ einen Referenten beauftragt.<\/p>\n\n\n\n<h5 class=\"wp-block-heading\">Rechnung\/Zahlung<\/h5>\n\n\n\n<p>Bei Online-Webinaren erhalten Sie eine Rechnung vor Veranstaltungsbeginn. Die Teilnehmergeb\u00fchr wird sofort mit der Anmeldebest\u00e4tigung f\u00e4llig. <\/p>\n\n\n\n<p>Bei Inhouse-Workshops erhalten Sie eine Rechnung nach Durchf\u00fchrung der Veranstaltung. Bitte \u00fcberweisen Sie die Teilnahmegeb\u00fchr innerhalb von 14 Tagen nach Erhalt der Rechnung.<\/p>\n\n\n\n<p>Bei kurzfristigen Anmeldungen erhalten Sie unverz\u00fcglich eine Rechnung, die dann ebenso unverz\u00fcglich vor der Veranstaltung zu begleichen ist. <\/p>\n\n\n\n<h5 class=\"wp-block-heading\">Kursdauer<\/h5>\n\n\n\n<p>Ein Fortbildungstag besteht aus mindestens 8 Unterrichtseinheiten (UE) beziehungsweise 7 Zeitstunden inklusive Pausen.<\/p>\n\n\n\n<p>Die Dauer von Webinaren ist unterschiedlich. Die Dauer betr\u00e4gt je nach Webinar und Ausschreibung zwischen 3 bis 6 Zeitstunden. <\/p>\n\n\n\n<h5 class=\"wp-block-heading\">Leistungen<\/h5>\n\n\n\n<p>Die Veranstaltungskosten umfassen, soweit nicht anders angegeben, die Teilnahme an der Veranstaltung, die Seminarunterlagen und Materialkosten. <\/p>\n\n\n\n<h5 class=\"wp-block-heading\">Datenschutz<\/h5>\n\n\n\n<p>Ihre Daten werden ausschlie\u00dflich zur Durchf\u00fchrung der Veranstaltung durch Impuls &amp; Begleitung elektronisch gespeichert und verarbeitet. Eine Weitergabe an Dritte erfolgt nicht.<\/p>\n\n\n\n<p>Die Einwilligung zur Verwendung und Speicherung der Daten zu Informationszwecken kann jederzeit ohne Angebe von Gr\u00fcnden per E-Mail oder postalisch widerrufen werden.<\/p>\n\n\n\n<p>F\u00fcr Webinare und Online-Beratungen verwendet Impuls &amp; Begleitung das Videokonferenztool Zoom. \u201eZoom\u201c ist ein Service der Zoom Video Communications, Inc., die ihren Sitz in den USA hat.<\/p>\n\n\n\n<p>Die Anmeldung zu Webinaren von Impuls &amp; Begleitung erfolgt \u00fcber eveeno. eveeno ist ein Service von Andreas Bothe mit Sitz in Erlangen zur Erstellung von Veranstaltungen. https:\/\/eveeno.com\/de\/<\/p>\n\n\n\n<p>F\u00fcr die Evaluation verwendet Impuls &amp; Begleitung das Umfragetool LamaPoll. LamaPoll ist ein Service von Lamano GmbH &amp; Co. KG, die ihren Sitz in Berlin hat. https:\/\/www.lamapoll.de\/Support\/Datenschutz<\/p>\n\n\n\n<h5 class=\"wp-block-heading\">Urheberrecht<\/h5>\n\n\n\n<p>Die Skripte sind urheberrechtlich gesch\u00fctzt und d\u00fcrfen nicht &#8211; auch nicht auszugsweise &#8211; ohne ausdr\u00fcckliche, schriftliche Einwilligung durch Impuls &amp; Begleitung vervielf\u00e4ltigt werden. Impuls &amp; Begleitung haftet nicht f\u00fcr die Inhalte der Seminarvortr\u00e4ge oder der begleitenden Arbeitsunterlagen, sofern kein vors\u00e4tzliches oder grob fahrl\u00e4ssiges Verschulden von Impuls &amp; Begleitung vorliegt.<\/p>\n\n\n\n<h5 class=\"wp-block-heading\">Vertragslaufzeit<\/h5>\n\n\n\n<p>Die Laufzeit des Vertrages beginnt am ersten Veranstaltungstag und endet am letzten Veranstaltungstag. Mehrt\u00e4gige Veranstaltungen k\u00f6nnen nur zusammen gebucht werden.<\/p>\n\n\n\n<h5 class=\"wp-block-heading\">Salvatorische Klausel<\/h5>\n\n\n\n<p>Sollten einzelne Klauseln dieser Bedingungen unwirksam sein, bleibt die Wirksamkeit der \u00fcbrigen Klauseln unber\u00fchrt. <\/p>\n","protected":false},"excerpt":{"rendered":"<p>Mit der Anmeldung und der Anmeldebest\u00e4tigung bzw. Auftragsbest\u00e4tigung per Mail \/ Post kommt ein Vertrag mit Impuls &amp; Begleitung, deren Inhaberin Alexandra Gro\u00dfer ist, nachfolgend Impuls &amp; Begleitung genannt, zustande. Mit Ihrer Anmeldung akzeptieren Sie die Allgemeinen Gesch\u00e4ftsbedingungen von Impuls <span class=\"excerpt-dots\">&hellip;<\/span> <a class=\"more-link\" href=\"https:\/\/alexandragrosser.de\/startseite\/agb\/\"><span class=\"more-msg\">Weiterlesen &rarr;<\/span><\/a><\/p>\n","protected":false},"author":1,"featured_media":0,"parent":0,"menu_order":100,"comment_status":"closed","ping_status":"closed","template":"","meta":{"_uag_custom_page_level_css":"","advgb_blocks_editor_width":"","advgb_blocks_columns_visual_guide":"","footnotes":""},"class_list":["post-16","page","type-page","status-publish","hentry"],"yoast_head":"<!-- This site is optimized with the Yoast SEO plugin v27.1.1 - https:\/\/yoast.com\/product\/yoast-seo-wordpress\/ -->\n<title>Allgemeine Gesch\u00e4ftsbedingungen - AGB | Impuls &amp; Begleitung<\/title>\n<meta name=\"robots\" content=\"noindex, nofollow\" \/>\n<meta property=\"og:locale\" content=\"de_DE\" \/>\n<meta property=\"og:type\" content=\"article\" \/>\n<meta property=\"og:title\" content=\"Allgemeine Gesch\u00e4ftsbedingungen - AGB | Impuls &amp; Begleitung\" \/>\n<meta property=\"og:description\" content=\"Mit der Anmeldung und der Anmeldebest\u00e4tigung bzw. Auftragsbest\u00e4tigung per Mail \/ Post kommt ein Vertrag mit Impuls &amp; Begleitung, deren Inhaberin Alexandra Gro\u00dfer ist, nachfolgend Impuls &amp; Begleitung genannt, zustande. Mit Ihrer Anmeldung akzeptieren Sie die Allgemeinen Gesch\u00e4ftsbedingungen von Impuls &hellip; Weiterlesen &rarr;\" \/>\n<meta property=\"og:url\" content=\"https:\/\/alexandragrosser.de\/startseite\/agb\/\" \/>\n<meta property=\"og:site_name\" content=\"Impuls &amp; Begleitung\" \/>\n<meta property=\"article:modified_time\" content=\"2026-01-30T13:51:45+00:00\" \/>\n<meta property=\"og:image\" content=\"https:\/\/alexandragrosser.de\/wp-content\/uploads\/2023\/11\/Logo-Impuls1.jpg\" \/>\n\t<meta property=\"og:image:width\" content=\"500\" \/>\n\t<meta property=\"og:image:height\" content=\"500\" \/>\n\t<meta property=\"og:image:type\" content=\"image\/jpeg\" \/>\n<meta name=\"twitter:card\" content=\"summary_large_image\" \/>\n<meta name=\"twitter:label1\" content=\"Gesch\u00e4tzte Lesezeit\" \/>\n\t<meta name=\"twitter:data1\" content=\"3\u00a0Minuten\" \/>\n<script type=\"application\/ld+json\" class=\"yoast-schema-graph\">{\"@context\":\"https:\/\/schema.org\",\"@graph\":[{\"@type\":\"WebPage\",\"@id\":\"https:\/\/alexandragrosser.de\/startseite\/agb\/\",\"url\":\"https:\/\/alexandragrosser.de\/startseite\/agb\/\",\"name\":\"Allgemeine Gesch\u00e4ftsbedingungen - AGB | Impuls &amp; Begleitung\",\"isPartOf\":{\"@id\":\"https:\/\/alexandragrosser.de\/startseite\/#website\"},\"datePublished\":\"2024-04-18T13:52:00+00:00\",\"dateModified\":\"2026-01-30T13:51:45+00:00\",\"breadcrumb\":{\"@id\":\"https:\/\/alexandragrosser.de\/startseite\/agb\/#breadcrumb\"},\"inLanguage\":\"de\",\"potentialAction\":[{\"@type\":\"ReadAction\",\"target\":[\"https:\/\/alexandragrosser.de\/startseite\/agb\/\"]}]},{\"@type\":\"BreadcrumbList\",\"@id\":\"https:\/\/alexandragrosser.de\/startseite\/agb\/#breadcrumb\",\"itemListElement\":[{\"@type\":\"ListItem\",\"position\":1,\"name\":\"Startseite\",\"item\":\"https:\/\/alexandragrosser.de\/startseite\/\"},{\"@type\":\"ListItem\",\"position\":2,\"name\":\"Allgemeine Gesch\u00e4ftsbedingungen &#8211; AGB\"}]},{\"@type\":\"WebSite\",\"@id\":\"https:\/\/alexandragrosser.de\/startseite\/#website\",\"url\":\"https:\/\/alexandragrosser.de\/startseite\/\",\"name\":\"Alexandra Gro\u00dfer\",\"description\":\"Impuls und Begleitung - Seminare, Beratung, Blog-Impulse\",\"publisher\":{\"@id\":\"https:\/\/alexandragrosser.de\/startseite\/#organization\"},\"potentialAction\":[{\"@type\":\"SearchAction\",\"target\":{\"@type\":\"EntryPoint\",\"urlTemplate\":\"https:\/\/alexandragrosser.de\/startseite\/?s={search_term_string}\"},\"query-input\":{\"@type\":\"PropertyValueSpecification\",\"valueRequired\":true,\"valueName\":\"search_term_string\"}}],\"inLanguage\":\"de\"},{\"@type\":\"Organization\",\"@id\":\"https:\/\/alexandragrosser.de\/startseite\/#organization\",\"name\":\"Impuls und Begleitung\",\"url\":\"https:\/\/alexandragrosser.de\/startseite\/\",\"logo\":{\"@type\":\"ImageObject\",\"inLanguage\":\"de\",\"@id\":\"https:\/\/alexandragrosser.de\/startseite\/#\/schema\/logo\/image\/\",\"url\":\"https:\/\/alexandragrosser.de\/wp-content\/uploads\/2023\/11\/Logo-Impuls1.jpg\",\"contentUrl\":\"https:\/\/alexandragrosser.de\/wp-content\/uploads\/2023\/11\/Logo-Impuls1.jpg\",\"width\":500,\"height\":500,\"caption\":\"Impuls und Begleitung\"},\"image\":{\"@id\":\"https:\/\/alexandragrosser.de\/startseite\/#\/schema\/logo\/image\/\"}}]}<\/script>\n<!-- \/ Yoast SEO plugin. -->","yoast_head_json":{"title":"Allgemeine Gesch\u00e4ftsbedingungen - AGB | Impuls &amp; Begleitung","robots":{"index":"noindex","follow":"nofollow"},"og_locale":"de_DE","og_type":"article","og_title":"Allgemeine Gesch\u00e4ftsbedingungen - AGB | Impuls &amp; Begleitung","og_description":"Mit der Anmeldung und der Anmeldebest\u00e4tigung bzw. Auftragsbest\u00e4tigung per Mail \/ Post kommt ein Vertrag mit Impuls &amp; Begleitung, deren Inhaberin Alexandra Gro\u00dfer ist, nachfolgend Impuls &amp; Begleitung genannt, zustande. Mit Ihrer Anmeldung akzeptieren Sie die Allgemeinen Gesch\u00e4ftsbedingungen von Impuls &hellip; Weiterlesen &rarr;","og_url":"https:\/\/alexandragrosser.de\/startseite\/agb\/","og_site_name":"Impuls &amp; Begleitung","article_modified_time":"2026-01-30T13:51:45+00:00","og_image":[{"width":500,"height":500,"url":"https:\/\/alexandragrosser.de\/wp-content\/uploads\/2023\/11\/Logo-Impuls1.jpg","type":"image\/jpeg"}],"twitter_card":"summary_large_image","twitter_misc":{"Gesch\u00e4tzte Lesezeit":"3\u00a0Minuten"},"schema":{"@context":"https:\/\/schema.org","@graph":[{"@type":"WebPage","@id":"https:\/\/alexandragrosser.de\/startseite\/agb\/","url":"https:\/\/alexandragrosser.de\/startseite\/agb\/","name":"Allgemeine Gesch\u00e4ftsbedingungen - AGB | Impuls &amp; Begleitung","isPartOf":{"@id":"https:\/\/alexandragrosser.de\/startseite\/#website"},"datePublished":"2024-04-18T13:52:00+00:00","dateModified":"2026-01-30T13:51:45+00:00","breadcrumb":{"@id":"https:\/\/alexandragrosser.de\/startseite\/agb\/#breadcrumb"},"inLanguage":"de","potentialAction":[{"@type":"ReadAction","target":["https:\/\/alexandragrosser.de\/startseite\/agb\/"]}]},{"@type":"BreadcrumbList","@id":"https:\/\/alexandragrosser.de\/startseite\/agb\/#breadcrumb","itemListElement":[{"@type":"ListItem","position":1,"name":"Startseite","item":"https:\/\/alexandragrosser.de\/startseite\/"},{"@type":"ListItem","position":2,"name":"Allgemeine Gesch\u00e4ftsbedingungen &#8211; AGB"}]},{"@type":"WebSite","@id":"https:\/\/alexandragrosser.de\/startseite\/#website","url":"https:\/\/alexandragrosser.de\/startseite\/","name":"Alexandra Gro\u00dfer","description":"Impuls und Begleitung - Seminare, Beratung, Blog-Impulse","publisher":{"@id":"https:\/\/alexandragrosser.de\/startseite\/#organization"},"potentialAction":[{"@type":"SearchAction","target":{"@type":"EntryPoint","urlTemplate":"https:\/\/alexandragrosser.de\/startseite\/?s={search_term_string}"},"query-input":{"@type":"PropertyValueSpecification","valueRequired":true,"valueName":"search_term_string"}}],"inLanguage":"de"},{"@type":"Organization","@id":"https:\/\/alexandragrosser.de\/startseite\/#organization","name":"Impuls und Begleitung","url":"https:\/\/alexandragrosser.de\/startseite\/","logo":{"@type":"ImageObject","inLanguage":"de","@id":"https:\/\/alexandragrosser.de\/startseite\/#\/schema\/logo\/image\/","url":"https:\/\/alexandragrosser.de\/wp-content\/uploads\/2023\/11\/Logo-Impuls1.jpg","contentUrl":"https:\/\/alexandragrosser.de\/wp-content\/uploads\/2023\/11\/Logo-Impuls1.jpg","width":500,"height":500,"caption":"Impuls und Begleitung"},"image":{"@id":"https:\/\/alexandragrosser.de\/startseite\/#\/schema\/logo\/image\/"}}]}},"uagb_featured_image_src":{"full":false,"thumbnail":false,"medium":false,"medium_large":false,"large":false,"1536x1536":false,"2048x2048":false,"ultp_layout_landscape_large":false,"ultp_layout_landscape":false,"ultp_layout_portrait":false,"ultp_layout_square":false},"uagb_author_info":{"display_name":"Alexandra","author_link":"https:\/\/alexandragrosser.de\/startseite\/author\/alexandra\/"},"uagb_comment_info":0,"uagb_excerpt":"Mit der Anmeldung und der Anmeldebest\u00e4tigung bzw. Auftragsbest\u00e4tigung per Mail \/ Post kommt ein Vertrag mit Impuls &amp; Begleitung, deren Inhaberin Alexandra Gro\u00dfer ist, nachfolgend Impuls &amp; Begleitung genannt, zustande. Mit Ihrer Anmeldung akzeptieren Sie die Allgemeinen Gesch\u00e4ftsbedingungen von Impuls &hellip; Weiterlesen &rarr;","coauthors":[],"author_meta":{"author_link":"https:\/\/alexandragrosser.de\/startseite\/author\/alexandra\/","display_name":"Alexandra"},"relative_dates":{"created":"Posted 2\u00a0Jahren ago","modified":"Updated 3\u00a0Monaten ago"},"absolute_dates":{"created":"Posted on 18. April 2024","modified":"Updated on 30. Januar 2026"},"absolute_dates_time":{"created":"Posted on 18. April 2024 15:52","modified":"Updated on 30. Januar 2026 14:51"},"featured_img_caption":"","featured_img":false,"series_order":"","_links":{"self":[{"href":"https:\/\/alexandragrosser.de\/startseite\/wp-json\/wp\/v2\/pages\/16","targetHints":{"allow":["GET"]}}],"collection":[{"href":"https:\/\/alexandragrosser.de\/startseite\/wp-json\/wp\/v2\/pages"}],"about":[{"href":"https:\/\/alexandragrosser.de\/startseite\/wp-json\/wp\/v2\/types\/page"}],"author":[{"embeddable":true,"href":"https:\/\/alexandragrosser.de\/startseite\/wp-json\/wp\/v2\/users\/1"}],"replies":[{"embeddable":true,"href":"https:\/\/alexandragrosser.de\/startseite\/wp-json\/wp\/v2\/comments?post=16"}],"version-history":[{"count":0,"href":"https:\/\/alexandragrosser.de\/startseite\/wp-json\/wp\/v2\/pages\/16\/revisions"}],"wp:attachment":[{"href":"https:\/\/alexandragrosser.de\/startseite\/wp-json\/wp\/v2\/media?parent=16"}],"curies":[{"name":"wp","href":"https:\/\/api.w.org\/{rel}","templated":true}]}}