{"id":1221,"date":"2024-05-22T13:25:55","date_gmt":"2024-05-22T11:25:55","guid":{"rendered":"https:\/\/alexandragrosser.de\/startseite\/?page_id=1221"},"modified":"2025-09-17T10:59:22","modified_gmt":"2025-09-17T08:59:22","slug":"workshops-seminare-inhouse-oder-als-webinar","status":"publish","type":"page","link":"https:\/\/alexandragrosser.de\/startseite\/workshops-seminare-inhouse-oder-als-webinar\/","title":{"rendered":"Teamfortbildungen &#8211; Inhouse oder Online"},"content":{"rendered":"\n<p>Sie planen eine Fortbildung, ein Inhouse-Seminar f\u00fcr Ihr Team? Sie m\u00f6chten flexibel und ortsunabh\u00e4ngig mit Ihrem Team an einem Tag oder an mehreren Tagen an einem Thema arbeiten?<\/p>\n\n\n\n<p>Mein Themenportfolio aus dem Sie f\u00fcr sich und Ihr Team w\u00e4hlen k\u00f6nnen auch als Webinar an mehreren Terminen m\u00f6glich:<\/p>\n\n\n\n<div class=\"wp-block-uagb-icon-list uagb-block-710acc34\"><div class=\"uagb-icon-list__wrap\">\n<div class=\"wp-block-uagb-icon-list-child uagb-block-5c03fc31\"><span class=\"uagb-icon-list__source-wrap\"><svg xmlns=\"https:\/\/www.w3.org\/2000\/svg\" viewBox=\"0 0 512 512\"><path d=\"M467.1 241.1L351.1 288h94.34c-7.711 14.85-16.29 29.28-25.87 43.01l-132.5 52.99h85.65c-59.34 52.71-144.1 80.34-264.5 52.82l-68.13 68.13c-9.38 9.38-24.56 9.374-33.94 0c-9.375-9.375-9.375-24.56 0-33.94l253.4-253.4c4.846-6.275 4.643-15.19-1.113-20.95c-6.25-6.25-16.38-6.25-22.62 0l-168.6 168.6C24.56 58 366.9 8.118 478.9 .0846c18.87-1.354 34.41 14.19 33.05 33.05C508.7 78.53 498.5 161.8 467.1 241.1z\"><\/path><\/svg><\/span><span class=\"uagb-icon-list__label\">Partizipation &#8211; Kindern eine Stimme geben<\/span><\/div>\n\n\n\n<div class=\"wp-block-uagb-icon-list-child uagb-block-3cdd938d\"><span class=\"uagb-icon-list__source-wrap\"><svg xmlns=\"https:\/\/www.w3.org\/2000\/svg\" viewBox=\"0 0 512 512\"><path d=\"M467.1 241.1L351.1 288h94.34c-7.711 14.85-16.29 29.28-25.87 43.01l-132.5 52.99h85.65c-59.34 52.71-144.1 80.34-264.5 52.82l-68.13 68.13c-9.38 9.38-24.56 9.374-33.94 0c-9.375-9.375-9.375-24.56 0-33.94l253.4-253.4c4.846-6.275 4.643-15.19-1.113-20.95c-6.25-6.25-16.38-6.25-22.62 0l-168.6 168.6C24.56 58 366.9 8.118 478.9 .0846c18.87-1.354 34.41 14.19 33.05 33.05C508.7 78.53 498.5 161.8 467.1 241.1z\"><\/path><\/svg><\/span><span class=\"uagb-icon-list__label\">Kinderschutzkonzept<\/span><\/div>\n\n\n\n<div class=\"wp-block-uagb-icon-list-child uagb-block-8056e5d2\"><span class=\"uagb-icon-list__source-wrap\"><svg xmlns=\"https:\/\/www.w3.org\/2000\/svg\" viewBox=\"0 0 512 512\"><path d=\"M467.1 241.1L351.1 288h94.34c-7.711 14.85-16.29 29.28-25.87 43.01l-132.5 52.99h85.65c-59.34 52.71-144.1 80.34-264.5 52.82l-68.13 68.13c-9.38 9.38-24.56 9.374-33.94 0c-9.375-9.375-9.375-24.56 0-33.94l253.4-253.4c4.846-6.275 4.643-15.19-1.113-20.95c-6.25-6.25-16.38-6.25-22.62 0l-168.6 168.6C24.56 58 366.9 8.118 478.9 .0846c18.87-1.354 34.41 14.19 33.05 33.05C508.7 78.53 498.5 161.8 467.1 241.1z\"><\/path><\/svg><\/span><span class=\"uagb-icon-list__label\">Gelebter Kinderschutz in der Kita<\/span><\/div>\n\n\n\n<div class=\"wp-block-uagb-icon-list-child uagb-block-2e34d029\"><span class=\"uagb-icon-list__source-wrap\"><svg xmlns=\"https:\/\/www.w3.org\/2000\/svg\" viewBox=\"0 0 512 512\"><path d=\"M467.1 241.1L351.1 288h94.34c-7.711 14.85-16.29 29.28-25.87 43.01l-132.5 52.99h85.65c-59.34 52.71-144.1 80.34-264.5 52.82l-68.13 68.13c-9.38 9.38-24.56 9.374-33.94 0c-9.375-9.375-9.375-24.56 0-33.94l253.4-253.4c4.846-6.275 4.643-15.19-1.113-20.95c-6.25-6.25-16.38-6.25-22.62 0l-168.6 168.6C24.56 58 366.9 8.118 478.9 .0846c18.87-1.354 34.41 14.19 33.05 33.05C508.7 78.53 498.5 161.8 467.1 241.1z\"><\/path><\/svg><\/span><span class=\"uagb-icon-list__label\">Verantwortlich handeln &#8211; Grenzverletzendes Verhalten erkennen &amp; verhindern<\/span><\/div>\n\n\n\n<div class=\"wp-block-uagb-icon-list-child uagb-block-6e383c3c\"><span class=\"uagb-icon-list__source-wrap\"><svg xmlns=\"https:\/\/www.w3.org\/2000\/svg\" viewBox=\"0 0 512 512\"><path d=\"M467.1 241.1L351.1 288h94.34c-7.711 14.85-16.29 29.28-25.87 43.01l-132.5 52.99h85.65c-59.34 52.71-144.1 80.34-264.5 52.82l-68.13 68.13c-9.38 9.38-24.56 9.374-33.94 0c-9.375-9.375-9.375-24.56 0-33.94l253.4-253.4c4.846-6.275 4.643-15.19-1.113-20.95c-6.25-6.25-16.38-6.25-22.62 0l-168.6 168.6C24.56 58 366.9 8.118 478.9 .0846c18.87-1.354 34.41 14.19 33.05 33.05C508.7 78.53 498.5 161.8 467.1 241.1z\"><\/path><\/svg><\/span><span class=\"uagb-icon-list__label\">W\u00f6rterzauber &amp; Sprachgewalt <\/span><\/div>\n\n\n\n<div class=\"wp-block-uagb-icon-list-child uagb-block-1713917d\"><span class=\"uagb-icon-list__source-wrap\"><svg xmlns=\"https:\/\/www.w3.org\/2000\/svg\" viewBox=\"0 0 512 512\"><path d=\"M467.1 241.1L351.1 288h94.34c-7.711 14.85-16.29 29.28-25.87 43.01l-132.5 52.99h85.65c-59.34 52.71-144.1 80.34-264.5 52.82l-68.13 68.13c-9.38 9.38-24.56 9.374-33.94 0c-9.375-9.375-9.375-24.56 0-33.94l253.4-253.4c4.846-6.275 4.643-15.19-1.113-20.95c-6.25-6.25-16.38-6.25-22.62 0l-168.6 168.6C24.56 58 366.9 8.118 478.9 .0846c18.87-1.354 34.41 14.19 33.05 33.05C508.7 78.53 498.5 161.8 467.1 241.1z\"><\/path><\/svg><\/span><span class=\"uagb-icon-list__label\">Das Wunder des Spracherwerbs &#8211; feinf\u00fchlige Dialoge f\u00fchren &#8211; U3 (1 &#8211; 2 Tage)<\/span><\/div>\n\n\n\n<div class=\"wp-block-uagb-icon-list-child uagb-block-f95a74a6\"><span class=\"uagb-icon-list__source-wrap\"><svg xmlns=\"https:\/\/www.w3.org\/2000\/svg\" viewBox=\"0 0 512 512\"><path d=\"M467.1 241.1L351.1 288h94.34c-7.711 14.85-16.29 29.28-25.87 43.01l-132.5 52.99h85.65c-59.34 52.71-144.1 80.34-264.5 52.82l-68.13 68.13c-9.38 9.38-24.56 9.374-33.94 0c-9.375-9.375-9.375-24.56 0-33.94l253.4-253.4c4.846-6.275 4.643-15.19-1.113-20.95c-6.25-6.25-16.38-6.25-22.62 0l-168.6 168.6C24.56 58 366.9 8.118 478.9 .0846c18.87-1.354 34.41 14.19 33.05 33.05C508.7 78.53 498.5 161.8 467.1 241.1z\"><\/path><\/svg><\/span><span class=\"uagb-icon-list__label\">&#8222;Ist Sterben eigentlich f\u00fcr immer?&#8220; <\/span><\/div>\n\n\n\n<div class=\"wp-block-uagb-icon-list-child uagb-block-fc964dd3\"><span class=\"uagb-icon-list__source-wrap\"><svg xmlns=\"https:\/\/www.w3.org\/2000\/svg\" viewBox=\"0 0 512 512\"><path d=\"M467.1 241.1L351.1 288h94.34c-7.711 14.85-16.29 29.28-25.87 43.01l-132.5 52.99h85.65c-59.34 52.71-144.1 80.34-264.5 52.82l-68.13 68.13c-9.38 9.38-24.56 9.374-33.94 0c-9.375-9.375-9.375-24.56 0-33.94l253.4-253.4c4.846-6.275 4.643-15.19-1.113-20.95c-6.25-6.25-16.38-6.25-22.62 0l-168.6 168.6C24.56 58 366.9 8.118 478.9 .0846c18.87-1.354 34.41 14.19 33.05 33.05C508.7 78.53 498.5 161.8 467.1 241.1z\"><\/path><\/svg><\/span><span class=\"uagb-icon-list__label\">Bei\u00dfen bei Krippenkindern<\/span><\/div>\n\n\n\n<div class=\"wp-block-uagb-icon-list-child uagb-block-539c884f\"><span class=\"uagb-icon-list__source-wrap\"><svg xmlns=\"https:\/\/www.w3.org\/2000\/svg\" viewBox=\"0 0 512 512\"><path d=\"M467.1 241.1L351.1 288h94.34c-7.711 14.85-16.29 29.28-25.87 43.01l-132.5 52.99h85.65c-59.34 52.71-144.1 80.34-264.5 52.82l-68.13 68.13c-9.38 9.38-24.56 9.374-33.94 0c-9.375-9.375-9.375-24.56 0-33.94l253.4-253.4c4.846-6.275 4.643-15.19-1.113-20.95c-6.25-6.25-16.38-6.25-22.62 0l-168.6 168.6C24.56 58 366.9 8.118 478.9 .0846c18.87-1.354 34.41 14.19 33.05 33.05C508.7 78.53 498.5 161.8 467.1 241.1z\"><\/path><\/svg><\/span><span class=\"uagb-icon-list__label\">Schrift &amp; Schriftzeichen (Literacy) in der Kita<\/span><\/div>\n\n\n\n<div class=\"wp-block-uagb-icon-list-child uagb-block-03e44f24\"><span class=\"uagb-icon-list__source-wrap\"><svg xmlns=\"https:\/\/www.w3.org\/2000\/svg\" viewBox=\"0 0 512 512\"><path d=\"M467.1 241.1L351.1 288h94.34c-7.711 14.85-16.29 29.28-25.87 43.01l-132.5 52.99h85.65c-59.34 52.71-144.1 80.34-264.5 52.82l-68.13 68.13c-9.38 9.38-24.56 9.374-33.94 0c-9.375-9.375-9.375-24.56 0-33.94l253.4-253.4c4.846-6.275 4.643-15.19-1.113-20.95c-6.25-6.25-16.38-6.25-22.62 0l-168.6 168.6C24.56 58 366.9 8.118 478.9 .0846c18.87-1.354 34.41 14.19 33.05 33.05C508.7 78.53 498.5 161.8 467.1 241.1z\"><\/path><\/svg><\/span><span class=\"uagb-icon-list__label\">Mut zum Feedback<\/span><\/div>\n\n\n\n<div class=\"wp-block-uagb-icon-list-child uagb-block-15ce29f1\"><span class=\"uagb-icon-list__source-wrap\"><svg xmlns=\"https:\/\/www.w3.org\/2000\/svg\" viewBox=\"0 0 512 512\"><path d=\"M467.1 241.1L351.1 288h94.34c-7.711 14.85-16.29 29.28-25.87 43.01l-132.5 52.99h85.65c-59.34 52.71-144.1 80.34-264.5 52.82l-68.13 68.13c-9.38 9.38-24.56 9.374-33.94 0c-9.375-9.375-9.375-24.56 0-33.94l253.4-253.4c4.846-6.275 4.643-15.19-1.113-20.95c-6.25-6.25-16.38-6.25-22.62 0l-168.6 168.6C24.56 58 366.9 8.118 478.9 .0846c18.87-1.354 34.41 14.19 33.05 33.05C508.7 78.53 498.5 161.8 467.1 241.1z\"><\/path><\/svg><\/span><span class=\"uagb-icon-list__label\">Zeit im Team f\u00fcr Kollegiale Beratung<\/span><\/div>\n\n\n\n<div class=\"wp-block-uagb-icon-list-child uagb-block-0eead0fa\"><span class=\"uagb-icon-list__source-wrap\"><svg xmlns=\"https:\/\/www.w3.org\/2000\/svg\" viewBox=\"0 0 512 512\"><path d=\"M467.1 241.1L351.1 288h94.34c-7.711 14.85-16.29 29.28-25.87 43.01l-132.5 52.99h85.65c-59.34 52.71-144.1 80.34-264.5 52.82l-68.13 68.13c-9.38 9.38-24.56 9.374-33.94 0c-9.375-9.375-9.375-24.56 0-33.94l253.4-253.4c4.846-6.275 4.643-15.19-1.113-20.95c-6.25-6.25-16.38-6.25-22.62 0l-168.6 168.6C24.56 58 366.9 8.118 478.9 .0846c18.87-1.354 34.41 14.19 33.05 33.05C508.7 78.53 498.5 161.8 467.1 241.1z\"><\/path><\/svg><\/span><span class=\"uagb-icon-list__label\">Bay. BEP &#8211; Einf\u00fchrung und Auffrischung<\/span><\/div>\n<\/div><\/div>\n\n\n\n<p class=\"has-text-align-center\"><strong>Sie planen eine Fortbildung f\u00fcr Ihr Team?<\/strong><\/p>\n\n\n\n<p class=\"has-text-align-center\"><strong>Sie haben Fragen?<\/strong><\/p>\n\n\n\n<p class=\"has-text-align-center\"><strong><a href=\"https:\/\/alexandragrosser.de\/startseite\/anfragen\/\">Rufen Sie mich an oder schreiben Sie mir eine Mail.<\/a><\/strong><\/p>\n\n\n\n<p><\/p>\n\n\n\n<figure class=\"wp-block-gallery has-nested-images columns-default is-cropped wp-block-gallery-1 is-layout-flex wp-block-gallery-is-layout-flex\">\n<figure class=\"wp-block-image size-large\"><img loading=\"lazy\" decoding=\"async\" width=\"940\" height=\"788\" data-id=\"397\" src=\"https:\/\/alexandragrosser.de\/wp-content\/uploads\/2022\/05\/Online.jpg\" alt=\"Auf dem Bild ist ein Laptop zu sehen, Stifte, ein Linieal und eine Hand, die etwas in ein Buch schreibt. Das Bild steht f\u00fcr die M\u00f6glichkeit Online miteinander zu arbeiten. \nAlle Themenschwerpunkte sind auch als Webinar m\u00f6glich.\" class=\"wp-image-397\" srcset=\"https:\/\/alexandragrosser.de\/wp-content\/uploads\/2022\/05\/Online.jpg 940w, https:\/\/alexandragrosser.de\/wp-content\/uploads\/2022\/05\/Online-300x251.jpg 300w, https:\/\/alexandragrosser.de\/wp-content\/uploads\/2022\/05\/Online-768x644.jpg 768w\" sizes=\"auto, (max-width: 940px) 100vw, 940px\" \/><\/figure>\n\n\n\n<figure class=\"wp-block-image size-large\"><img loading=\"lazy\" decoding=\"async\" width=\"940\" height=\"788\" data-id=\"427\" src=\"https:\/\/alexandragrosser.de\/wp-content\/uploads\/2022\/05\/Prozessbegleitung.jpg\" alt=\"Eine Natursteintreppe, die nach oben f\u00fchrt.\nDas Bild steht f\u00fcr die gemeinsamen Schritte in der Imhouse-Fortbildung. F\u00fcr das gemeinsame Arbeiten im Workshop.\" class=\"wp-image-427\" srcset=\"https:\/\/alexandragrosser.de\/wp-content\/uploads\/2022\/05\/Prozessbegleitung.jpg 940w, https:\/\/alexandragrosser.de\/wp-content\/uploads\/2022\/05\/Prozessbegleitung-300x251.jpg 300w, https:\/\/alexandragrosser.de\/wp-content\/uploads\/2022\/05\/Prozessbegleitung-768x644.jpg 768w\" sizes=\"auto, (max-width: 940px) 100vw, 940px\" \/><\/figure>\n\n\n\n<figure class=\"wp-block-image size-large\"><img loading=\"lazy\" decoding=\"async\" width=\"940\" height=\"788\" data-id=\"401\" src=\"https:\/\/alexandragrosser.de\/wp-content\/uploads\/2022\/05\/U3.jpg\" alt=\"Zwei Kleinkinder die sich anschauen und nonverbal miteinander kommunizieren. \nDieses Bild steht f\u00fcr das Thema Sprachentwicklung und den Praxisbezug. Sowie den Austausch im Team.\" class=\"wp-image-401\" srcset=\"https:\/\/alexandragrosser.de\/wp-content\/uploads\/2022\/05\/U3.jpg 940w, https:\/\/alexandragrosser.de\/wp-content\/uploads\/2022\/05\/U3-300x251.jpg 300w, https:\/\/alexandragrosser.de\/wp-content\/uploads\/2022\/05\/U3-768x644.jpg 768w\" sizes=\"auto, (max-width: 940px) 100vw, 940px\" \/><\/figure>\n<\/figure>\n\n\n\n<h2 class=\"wp-block-heading\">Ablauf &amp; Planung<\/h2>\n\n\n\n<p>Wie geht es nach der Mailanfrage oder Ihrem Anruf weiter?<\/p>\n\n\n\n<p>Wir vereinbaren einen Termin an dem ich mir ausf\u00fchrlich Zeit f\u00fcr ein Vorgespr\u00e4ch mit Ihnen nehme. Dies kann per Video, Telefon oder auch, je nach Entfernung, in Pr\u00e4senz bei Ihnen vor Ort stattfinden. <\/p>\n\n\n\n<p>Gemeinsam nehmen wir uns die Zeit f\u00fcr ein ausf\u00fchrliches Vorgespr\u00e4ch. <\/p>\n\n\n\n<p>Sie bekommen ein Angebot von mir. <\/p>\n\n\n\n<p>Sie nehmen mein Angebot an. Im Anschluss plane und konzipiere ich den Workshop \/ das Webinar nach ihren Bed\u00fcrfnissen.<\/p>\n\n\n\n<p>Bei manchen Themen empfiehlt sich ein Auftaktseminar und ein bis zwei Folgeseminare oder halbt\u00e4gige Workshops (auch per Zoom m\u00f6glich). <\/p>\n\n\n\n<h2 class=\"wp-block-heading\">Markt der M\u00f6glichkeiten<\/h2>\n\n\n\n<p>Sie haben Interesse an einem der Themen. Doch keine Schlie\u00dftage mehr f\u00fcr Fortbildungen? Sie m\u00f6chten lieber halbt\u00e4gige Workshoptage? <\/p>\n\n\n\n<p><a href=\"https:\/\/alexandragrosser.de\/startseite\/anfragen\/\">Rufen Sie mich an oder Schreiben Sie mir eine Mail.<\/a> Gemeinsam finden wir L\u00f6sungen.<\/p>\n\n\n\n<p>Sie m\u00f6chten mit Ihrem Team an einem Thema arbeiten? Ortsunabh\u00e4ngig und flexibel? <\/p>\n\n\n\n<p>Gerne k\u00f6nnen wir auch Online miteinander arbeiten.<\/p>\n\n\n\n<p>Nehmen Sie gerne<a href=\"https:\/\/alexandragrosser.de\/startseite\/anfragen\/\"> Kontakt <\/a>mit mir auf \ud83d\ude42<\/p>\n\n\n\n<h2 class=\"wp-block-heading\">Was mir wichtig ist<\/h2>\n\n\n\n<p>Von und Miteinander lernen ist ein wichtiger Aspekt meiner Fortbildungen. Meine Fortbildungen bestehen aus <\/p>\n\n\n\n<ul class=\"wp-block-list\">\n<li>Impulsen, <\/li>\n\n\n\n<li>Kurzvortr\u00e4gen, <\/li>\n\n\n\n<li>Praxis, <\/li>\n\n\n\n<li>Reflexion, <\/li>\n\n\n\n<li>Klein- und Gro\u00dfgruppenarbeiten, <\/li>\n\n\n\n<li>\u00dcbungen und <\/li>\n\n\n\n<li>Biographiearbeit.<\/li>\n<\/ul>\n\n\n\n<p>In den Seminaren ist Raum und Zeit f\u00fcr Ihre Fragen,sich im Team auszutauschen, miteinander zu diskutieren und sich gemeinsam mit mir auf die Suche nach Antworten zu begeben. Ihre Erfahrungen auszutauschen und die Praxis zu reflektieren.<\/p>\n","protected":false},"excerpt":{"rendered":"<p>Sie planen eine Fortbildung, ein Inhouse-Seminar f\u00fcr Ihr Team? Sie m\u00f6chten flexibel und ortsunabh\u00e4ngig mit Ihrem Team an einem Tag oder an mehreren Tagen an einem Thema arbeiten? Mein Themenportfolio aus dem Sie f\u00fcr sich und Ihr Team w\u00e4hlen k\u00f6nnen <span class=\"excerpt-dots\">&hellip;<\/span> <a class=\"more-link\" href=\"https:\/\/alexandragrosser.de\/startseite\/workshops-seminare-inhouse-oder-als-webinar\/\"><span class=\"more-msg\">Weiterlesen &rarr;<\/span><\/a><\/p>\n","protected":false},"author":1,"featured_media":0,"parent":0,"menu_order":0,"comment_status":"closed","ping_status":"closed","template":"","meta":{"_uag_custom_page_level_css":"","advgb_blocks_editor_width":"","advgb_blocks_columns_visual_guide":"","footnotes":""},"class_list":["post-1221","page","type-page","status-publish","hentry"],"yoast_head":"<!-- This site is optimized with the Yoast SEO plugin v27.1.1 - https:\/\/yoast.com\/product\/yoast-seo-wordpress\/ -->\n<title>Teamfortbildungen - Inhouse oder Online | Impuls &amp; Begleitung<\/title>\n<meta name=\"description\" content=\"Sie suchen ein Inhouse-Seminar f\u00fcr Ihr Team? Sie m\u00f6chten einen Tag mit Ihrem Team verbringen? Schauen Sie doch mal rein.\" \/>\n<meta name=\"robots\" content=\"index, follow, max-snippet:-1, max-image-preview:large, max-video-preview:-1\" \/>\n<link rel=\"canonical\" href=\"https:\/\/alexandragrosser.de\/startseite\/workshops-seminare-inhouse-oder-als-webinar\/\" \/>\n<meta property=\"og:locale\" content=\"de_DE\" \/>\n<meta property=\"og:type\" content=\"article\" \/>\n<meta property=\"og:title\" content=\"Teamfortbildungen - Inhouse oder Online | Impuls &amp; Begleitung\" \/>\n<meta property=\"og:description\" content=\"Sie suchen ein Inhouse-Seminar f\u00fcr Ihr Team? Sie m\u00f6chten einen Tag mit Ihrem Team verbringen? Schauen Sie doch mal rein.\" \/>\n<meta property=\"og:url\" content=\"https:\/\/alexandragrosser.de\/startseite\/workshops-seminare-inhouse-oder-als-webinar\/\" \/>\n<meta property=\"og:site_name\" content=\"Impuls &amp; Begleitung\" \/>\n<meta property=\"article:modified_time\" content=\"2025-09-17T08:59:22+00:00\" \/>\n<meta property=\"og:image\" content=\"https:\/\/alexandragrosser.de\/wp-content\/uploads\/2022\/05\/Online.jpg\" \/>\n\t<meta property=\"og:image:width\" content=\"940\" \/>\n\t<meta property=\"og:image:height\" content=\"788\" \/>\n\t<meta property=\"og:image:type\" content=\"image\/jpeg\" \/>\n<meta name=\"twitter:card\" content=\"summary_large_image\" \/>\n<meta name=\"twitter:label1\" content=\"Gesch\u00e4tzte Lesezeit\" \/>\n\t<meta name=\"twitter:data1\" content=\"3\u00a0Minuten\" \/>\n<script type=\"application\/ld+json\" class=\"yoast-schema-graph\">{\"@context\":\"https:\/\/schema.org\",\"@graph\":[{\"@type\":\"WebPage\",\"@id\":\"https:\/\/alexandragrosser.de\/startseite\/workshops-seminare-inhouse-oder-als-webinar\/\",\"url\":\"https:\/\/alexandragrosser.de\/startseite\/workshops-seminare-inhouse-oder-als-webinar\/\",\"name\":\"Teamfortbildungen - Inhouse oder Online | Impuls &amp; Begleitung\",\"isPartOf\":{\"@id\":\"https:\/\/alexandragrosser.de\/startseite\/#website\"},\"primaryImageOfPage\":{\"@id\":\"https:\/\/alexandragrosser.de\/startseite\/workshops-seminare-inhouse-oder-als-webinar\/#primaryimage\"},\"image\":{\"@id\":\"https:\/\/alexandragrosser.de\/startseite\/workshops-seminare-inhouse-oder-als-webinar\/#primaryimage\"},\"thumbnailUrl\":\"https:\/\/alexandragrosser.de\/wp-content\/uploads\/2022\/05\/Online.jpg\",\"datePublished\":\"2024-05-22T11:25:55+00:00\",\"dateModified\":\"2025-09-17T08:59:22+00:00\",\"description\":\"Sie suchen ein Inhouse-Seminar f\u00fcr Ihr Team? Sie m\u00f6chten einen Tag mit Ihrem Team verbringen? Schauen Sie doch mal rein.\",\"breadcrumb\":{\"@id\":\"https:\/\/alexandragrosser.de\/startseite\/workshops-seminare-inhouse-oder-als-webinar\/#breadcrumb\"},\"inLanguage\":\"de\",\"potentialAction\":[{\"@type\":\"ReadAction\",\"target\":[\"https:\/\/alexandragrosser.de\/startseite\/workshops-seminare-inhouse-oder-als-webinar\/\"]}]},{\"@type\":\"ImageObject\",\"inLanguage\":\"de\",\"@id\":\"https:\/\/alexandragrosser.de\/startseite\/workshops-seminare-inhouse-oder-als-webinar\/#primaryimage\",\"url\":\"https:\/\/alexandragrosser.de\/wp-content\/uploads\/2022\/05\/Online.jpg\",\"contentUrl\":\"https:\/\/alexandragrosser.de\/wp-content\/uploads\/2022\/05\/Online.jpg\"},{\"@type\":\"BreadcrumbList\",\"@id\":\"https:\/\/alexandragrosser.de\/startseite\/workshops-seminare-inhouse-oder-als-webinar\/#breadcrumb\",\"itemListElement\":[{\"@type\":\"ListItem\",\"position\":1,\"name\":\"Startseite\",\"item\":\"https:\/\/alexandragrosser.de\/startseite\/\"},{\"@type\":\"ListItem\",\"position\":2,\"name\":\"Teamfortbildungen &#8211; Inhouse oder Online\"}]},{\"@type\":\"WebSite\",\"@id\":\"https:\/\/alexandragrosser.de\/startseite\/#website\",\"url\":\"https:\/\/alexandragrosser.de\/startseite\/\",\"name\":\"Alexandra Gro\u00dfer\",\"description\":\"Impuls und Begleitung - Seminare, Beratung, Blog-Impulse\",\"publisher\":{\"@id\":\"https:\/\/alexandragrosser.de\/startseite\/#organization\"},\"potentialAction\":[{\"@type\":\"SearchAction\",\"target\":{\"@type\":\"EntryPoint\",\"urlTemplate\":\"https:\/\/alexandragrosser.de\/startseite\/?s={search_term_string}\"},\"query-input\":{\"@type\":\"PropertyValueSpecification\",\"valueRequired\":true,\"valueName\":\"search_term_string\"}}],\"inLanguage\":\"de\"},{\"@type\":\"Organization\",\"@id\":\"https:\/\/alexandragrosser.de\/startseite\/#organization\",\"name\":\"Impuls und Begleitung\",\"url\":\"https:\/\/alexandragrosser.de\/startseite\/\",\"logo\":{\"@type\":\"ImageObject\",\"inLanguage\":\"de\",\"@id\":\"https:\/\/alexandragrosser.de\/startseite\/#\/schema\/logo\/image\/\",\"url\":\"https:\/\/alexandragrosser.de\/wp-content\/uploads\/2023\/11\/Logo-Impuls1.jpg\",\"contentUrl\":\"https:\/\/alexandragrosser.de\/wp-content\/uploads\/2023\/11\/Logo-Impuls1.jpg\",\"width\":500,\"height\":500,\"caption\":\"Impuls und Begleitung\"},\"image\":{\"@id\":\"https:\/\/alexandragrosser.de\/startseite\/#\/schema\/logo\/image\/\"}}]}<\/script>\n<!-- \/ Yoast SEO plugin. -->","yoast_head_json":{"title":"Teamfortbildungen - Inhouse oder Online | Impuls &amp; Begleitung","description":"Sie suchen ein Inhouse-Seminar f\u00fcr Ihr Team? Sie m\u00f6chten einen Tag mit Ihrem Team verbringen? Schauen Sie doch mal rein.","robots":{"index":"index","follow":"follow","max-snippet":"max-snippet:-1","max-image-preview":"max-image-preview:large","max-video-preview":"max-video-preview:-1"},"canonical":"https:\/\/alexandragrosser.de\/startseite\/workshops-seminare-inhouse-oder-als-webinar\/","og_locale":"de_DE","og_type":"article","og_title":"Teamfortbildungen - Inhouse oder Online | Impuls &amp; Begleitung","og_description":"Sie suchen ein Inhouse-Seminar f\u00fcr Ihr Team? Sie m\u00f6chten einen Tag mit Ihrem Team verbringen? Schauen Sie doch mal rein.","og_url":"https:\/\/alexandragrosser.de\/startseite\/workshops-seminare-inhouse-oder-als-webinar\/","og_site_name":"Impuls &amp; Begleitung","article_modified_time":"2025-09-17T08:59:22+00:00","og_image":[{"width":940,"height":788,"url":"https:\/\/alexandragrosser.de\/wp-content\/uploads\/2022\/05\/Online.jpg","type":"image\/jpeg"}],"twitter_card":"summary_large_image","twitter_misc":{"Gesch\u00e4tzte Lesezeit":"3\u00a0Minuten"},"schema":{"@context":"https:\/\/schema.org","@graph":[{"@type":"WebPage","@id":"https:\/\/alexandragrosser.de\/startseite\/workshops-seminare-inhouse-oder-als-webinar\/","url":"https:\/\/alexandragrosser.de\/startseite\/workshops-seminare-inhouse-oder-als-webinar\/","name":"Teamfortbildungen - Inhouse oder Online | Impuls &amp; Begleitung","isPartOf":{"@id":"https:\/\/alexandragrosser.de\/startseite\/#website"},"primaryImageOfPage":{"@id":"https:\/\/alexandragrosser.de\/startseite\/workshops-seminare-inhouse-oder-als-webinar\/#primaryimage"},"image":{"@id":"https:\/\/alexandragrosser.de\/startseite\/workshops-seminare-inhouse-oder-als-webinar\/#primaryimage"},"thumbnailUrl":"https:\/\/alexandragrosser.de\/wp-content\/uploads\/2022\/05\/Online.jpg","datePublished":"2024-05-22T11:25:55+00:00","dateModified":"2025-09-17T08:59:22+00:00","description":"Sie suchen ein Inhouse-Seminar f\u00fcr Ihr Team? Sie m\u00f6chten einen Tag mit Ihrem Team verbringen? Schauen Sie doch mal rein.","breadcrumb":{"@id":"https:\/\/alexandragrosser.de\/startseite\/workshops-seminare-inhouse-oder-als-webinar\/#breadcrumb"},"inLanguage":"de","potentialAction":[{"@type":"ReadAction","target":["https:\/\/alexandragrosser.de\/startseite\/workshops-seminare-inhouse-oder-als-webinar\/"]}]},{"@type":"ImageObject","inLanguage":"de","@id":"https:\/\/alexandragrosser.de\/startseite\/workshops-seminare-inhouse-oder-als-webinar\/#primaryimage","url":"https:\/\/alexandragrosser.de\/wp-content\/uploads\/2022\/05\/Online.jpg","contentUrl":"https:\/\/alexandragrosser.de\/wp-content\/uploads\/2022\/05\/Online.jpg"},{"@type":"BreadcrumbList","@id":"https:\/\/alexandragrosser.de\/startseite\/workshops-seminare-inhouse-oder-als-webinar\/#breadcrumb","itemListElement":[{"@type":"ListItem","position":1,"name":"Startseite","item":"https:\/\/alexandragrosser.de\/startseite\/"},{"@type":"ListItem","position":2,"name":"Teamfortbildungen &#8211; Inhouse oder Online"}]},{"@type":"WebSite","@id":"https:\/\/alexandragrosser.de\/startseite\/#website","url":"https:\/\/alexandragrosser.de\/startseite\/","name":"Alexandra Gro\u00dfer","description":"Impuls und Begleitung - Seminare, Beratung, Blog-Impulse","publisher":{"@id":"https:\/\/alexandragrosser.de\/startseite\/#organization"},"potentialAction":[{"@type":"SearchAction","target":{"@type":"EntryPoint","urlTemplate":"https:\/\/alexandragrosser.de\/startseite\/?s={search_term_string}"},"query-input":{"@type":"PropertyValueSpecification","valueRequired":true,"valueName":"search_term_string"}}],"inLanguage":"de"},{"@type":"Organization","@id":"https:\/\/alexandragrosser.de\/startseite\/#organization","name":"Impuls und Begleitung","url":"https:\/\/alexandragrosser.de\/startseite\/","logo":{"@type":"ImageObject","inLanguage":"de","@id":"https:\/\/alexandragrosser.de\/startseite\/#\/schema\/logo\/image\/","url":"https:\/\/alexandragrosser.de\/wp-content\/uploads\/2023\/11\/Logo-Impuls1.jpg","contentUrl":"https:\/\/alexandragrosser.de\/wp-content\/uploads\/2023\/11\/Logo-Impuls1.jpg","width":500,"height":500,"caption":"Impuls und Begleitung"},"image":{"@id":"https:\/\/alexandragrosser.de\/startseite\/#\/schema\/logo\/image\/"}}]}},"uagb_featured_image_src":{"full":false,"thumbnail":false,"medium":false,"medium_large":false,"large":false,"1536x1536":false,"2048x2048":false,"ultp_layout_landscape_large":false,"ultp_layout_landscape":false,"ultp_layout_portrait":false,"ultp_layout_square":false},"uagb_author_info":{"display_name":"Alexandra","author_link":"https:\/\/alexandragrosser.de\/startseite\/author\/alexandra\/"},"uagb_comment_info":0,"uagb_excerpt":"Sie planen eine Fortbildung, ein Inhouse-Seminar f\u00fcr Ihr Team? Sie m\u00f6chten flexibel und ortsunabh\u00e4ngig mit Ihrem Team an einem Tag oder an mehreren Tagen an einem Thema arbeiten? Mein Themenportfolio aus dem Sie f\u00fcr sich und Ihr Team w\u00e4hlen k\u00f6nnen &hellip; Weiterlesen &rarr;","coauthors":[],"author_meta":{"author_link":"https:\/\/alexandragrosser.de\/startseite\/author\/alexandra\/","display_name":"Alexandra"},"relative_dates":{"created":"Posted 2\u00a0Jahren ago","modified":"Updated 7\u00a0Monaten ago"},"absolute_dates":{"created":"Posted on 22. Mai 2024","modified":"Updated on 17. September 2025"},"absolute_dates_time":{"created":"Posted on 22. Mai 2024 13:25","modified":"Updated on 17. September 2025 10:59"},"featured_img_caption":"","featured_img":false,"series_order":"","_links":{"self":[{"href":"https:\/\/alexandragrosser.de\/startseite\/wp-json\/wp\/v2\/pages\/1221","targetHints":{"allow":["GET"]}}],"collection":[{"href":"https:\/\/alexandragrosser.de\/startseite\/wp-json\/wp\/v2\/pages"}],"about":[{"href":"https:\/\/alexandragrosser.de\/startseite\/wp-json\/wp\/v2\/types\/page"}],"author":[{"embeddable":true,"href":"https:\/\/alexandragrosser.de\/startseite\/wp-json\/wp\/v2\/users\/1"}],"replies":[{"embeddable":true,"href":"https:\/\/alexandragrosser.de\/startseite\/wp-json\/wp\/v2\/comments?post=1221"}],"version-history":[{"count":0,"href":"https:\/\/alexandragrosser.de\/startseite\/wp-json\/wp\/v2\/pages\/1221\/revisions"}],"wp:attachment":[{"href":"https:\/\/alexandragrosser.de\/startseite\/wp-json\/wp\/v2\/media?parent=1221"}],"curies":[{"name":"wp","href":"https:\/\/api.w.org\/{rel}","templated":true}]}}