{"id":1137,"date":"2023-12-22T23:58:00","date_gmt":"2023-12-22T22:58:00","guid":{"rendered":"https:\/\/alexandragrosser.de\/startseite\/?page_id=1137"},"modified":"2023-12-31T09:48:27","modified_gmt":"2023-12-31T08:48:27","slug":"23-dezember","status":"publish","type":"page","link":"https:\/\/alexandragrosser.de\/startseite\/23-dezember\/","title":{"rendered":"23. Dezember"},"content":{"rendered":"\n<h3 class=\"wp-block-heading has-text-align-center\"><strong>Die angebundene Katze<\/strong><\/h3>\n\n\n\n<p class=\"has-text-align-center has-medium-font-size\"><strong>Ein alter und weiser M\u00f6nch hielt mit den jungen M\u00f6nchendes Klosters t\u00e4glich eine Abendmeditation. Als eines Tages die Klosterkatze w\u00e4hrend dieser Zeit in die Kapelle lief und st\u00f6rte, ordnete der alte M\u00f6nch an, die Katze sollte w\u00e4hrend dieser Zeit drau\u00dfen festgebunden werden. So konnte man von da an wieder ungest\u00f6rt meditieren.<\/strong><\/p>\n\n\n\n<p class=\"has-text-align-center has-medium-font-size\"><strong>Die Jahre vergingen, an denen t\u00e4glich die Katze w\u00e4hrend der Abendmeditation angebunden wurde. Schlie\u00dflich starb der M\u00f6nch und bekam einen Nachfolger. Dieser hielt sich streng an die Tradition, dass w\u00e4hrend der Abendmeditation drau\u00dfen eine Katze angebunden sein m\u00fcsse.<\/strong><\/p>\n\n\n\n<p class=\"has-text-align-center has-medium-font-size\"><strong>Als schlie\u00dflich auch die Katze starb, wurde rasch eine neue Katze angeschafft, um sie w\u00e4hrend der Abendmeditation anbinden zu k\u00f6nnen.<\/strong><\/p>\n\n\n\n<p class=\"has-text-align-center has-medium-font-size\"><strong>Weil die einfachen Leute den Sinn dieser Ma\u00dfnahme nicht verstanden, traten Theologen auf den Plan und schrieben ein zweib\u00e4ndiges Werk mit vielen Fu\u00dfnoten \u00fcber die Heilsnotwendigkeit einer angebundenen Katze w\u00e4hrend der Abendmeditation.<\/strong><\/p>\n\n\n\n<p class=\"has-text-align-center has-medium-font-size\"><strong>Mit der Zeit jedoch kam die Abendmeditation selbst au\u00dfer Gebrauch. Niemand interessierte sich mehr daf\u00fcr. Die M\u00f6nche verlie\u00dfen das Kloster. Es wird heute f\u00fcr den Tourismus genutzt.<\/strong><\/p>\n\n\n\n<p class=\"has-text-align-center has-medium-font-size\"><strong>Aber mit gr\u00f6\u00dfter Treue wird wenigsten bis heut der Ritus des abendlichen Katzenanbindens beibehalten.<\/strong><\/p>\n\n\n\n<p class=\"has-text-align-right has-small-font-size\"><strong>(Im Original von Antony de Mello)<\/strong><\/p>\n\n\n<div class=\"wp-block-image\">\n<figure class=\"aligncenter size-full\"><img loading=\"lazy\" decoding=\"async\" width=\"940\" height=\"788\" src=\"https:\/\/alexandragrosser.de\/wp-content\/uploads\/2023\/12\/Engel-1.png\" alt=\"\" class=\"wp-image-1138\" srcset=\"https:\/\/alexandragrosser.de\/wp-content\/uploads\/2023\/12\/Engel-1.png 940w, https:\/\/alexandragrosser.de\/wp-content\/uploads\/2023\/12\/Engel-1-300x251.png 300w, https:\/\/alexandragrosser.de\/wp-content\/uploads\/2023\/12\/Engel-1-768x644.png 768w\" sizes=\"auto, (max-width: 940px) 100vw, 940px\" \/><\/figure>\n<\/div>\n\n\n<p class=\"has-medium-font-size\"><strong>Manchmal tun wir Dinge, von denen wir gar nicht mehr wissen warum wir sie tun. Wir tun sie, weil es schon unsere Vorg\u00e4nger getan haben, weil es schon immer getan wird\u2026<\/strong><\/p>\n","protected":false},"excerpt":{"rendered":"<p>Die angebundene Katze Ein alter und weiser M\u00f6nch hielt mit den jungen M\u00f6nchendes Klosters t\u00e4glich eine Abendmeditation. Als eines Tages die Klosterkatze w\u00e4hrend dieser Zeit in die Kapelle lief und st\u00f6rte, ordnete der alte M\u00f6nch an, die Katze sollte w\u00e4hrend <span class=\"excerpt-dots\">&hellip;<\/span> <a class=\"more-link\" href=\"https:\/\/alexandragrosser.de\/startseite\/23-dezember\/\"><span class=\"more-msg\">Weiterlesen &rarr;<\/span><\/a><\/p>\n","protected":false},"author":1,"featured_media":0,"parent":0,"menu_order":323,"comment_status":"closed","ping_status":"closed","template":"","meta":{"_uag_custom_page_level_css":"","advgb_blocks_editor_width":"","advgb_blocks_columns_visual_guide":"","footnotes":""},"class_list":["post-1137","page","type-page","status-publish","hentry"],"yoast_head":"<!-- This site is optimized with the Yoast SEO plugin v27.1.1 - https:\/\/yoast.com\/product\/yoast-seo-wordpress\/ -->\n<title>23. Dezember | Impuls &amp; Begleitung<\/title>\n<meta name=\"description\" content=\"Das haben wir schon immer so gemacht. Eine Geschichte hinterfragt die Gr\u00fcnde. Impuls Weihnachten Advent Rauhn\u00e4chte Altes loslassen\" \/>\n<meta name=\"robots\" content=\"index, follow, max-snippet:-1, max-image-preview:large, max-video-preview:-1\" \/>\n<link rel=\"canonical\" href=\"https:\/\/alexandragrosser.de\/startseite\/23-dezember\/\" \/>\n<meta property=\"og:locale\" content=\"de_DE\" \/>\n<meta property=\"og:type\" content=\"article\" \/>\n<meta property=\"og:title\" content=\"23. Dezember | Impuls &amp; Begleitung\" \/>\n<meta property=\"og:description\" content=\"Das haben wir schon immer so gemacht. Eine Geschichte hinterfragt die Gr\u00fcnde. Impuls Weihnachten Advent Rauhn\u00e4chte Altes loslassen\" \/>\n<meta property=\"og:url\" content=\"https:\/\/alexandragrosser.de\/startseite\/23-dezember\/\" \/>\n<meta property=\"og:site_name\" content=\"Impuls &amp; Begleitung\" \/>\n<meta property=\"article:modified_time\" content=\"2023-12-31T08:48:27+00:00\" \/>\n<meta property=\"og:image\" content=\"https:\/\/alexandragrosser.de\/wp-content\/uploads\/2023\/12\/Engel-1.png\" \/>\n<meta name=\"twitter:card\" content=\"summary_large_image\" \/>\n<meta name=\"twitter:label1\" content=\"Gesch\u00e4tzte Lesezeit\" \/>\n\t<meta name=\"twitter:data1\" content=\"2\u00a0Minuten\" \/>\n<script type=\"application\/ld+json\" class=\"yoast-schema-graph\">{\"@context\":\"https:\/\/schema.org\",\"@graph\":[{\"@type\":\"WebPage\",\"@id\":\"https:\/\/alexandragrosser.de\/startseite\/23-dezember\/\",\"url\":\"https:\/\/alexandragrosser.de\/startseite\/23-dezember\/\",\"name\":\"23. Dezember | Impuls &amp; Begleitung\",\"isPartOf\":{\"@id\":\"https:\/\/alexandragrosser.de\/startseite\/#website\"},\"primaryImageOfPage\":{\"@id\":\"https:\/\/alexandragrosser.de\/startseite\/23-dezember\/#primaryimage\"},\"image\":{\"@id\":\"https:\/\/alexandragrosser.de\/startseite\/23-dezember\/#primaryimage\"},\"thumbnailUrl\":\"https:\/\/alexandragrosser.de\/wp-content\/uploads\/2023\/12\/Engel-1.png\",\"datePublished\":\"2023-12-22T22:58:00+00:00\",\"dateModified\":\"2023-12-31T08:48:27+00:00\",\"description\":\"Das haben wir schon immer so gemacht. Eine Geschichte hinterfragt die Gr\u00fcnde. Impuls Weihnachten Advent Rauhn\u00e4chte Altes loslassen\",\"breadcrumb\":{\"@id\":\"https:\/\/alexandragrosser.de\/startseite\/23-dezember\/#breadcrumb\"},\"inLanguage\":\"de\",\"potentialAction\":[{\"@type\":\"ReadAction\",\"target\":[\"https:\/\/alexandragrosser.de\/startseite\/23-dezember\/\"]}]},{\"@type\":\"ImageObject\",\"inLanguage\":\"de\",\"@id\":\"https:\/\/alexandragrosser.de\/startseite\/23-dezember\/#primaryimage\",\"url\":\"https:\/\/alexandragrosser.de\/wp-content\/uploads\/2023\/12\/Engel-1.png\",\"contentUrl\":\"https:\/\/alexandragrosser.de\/wp-content\/uploads\/2023\/12\/Engel-1.png\"},{\"@type\":\"BreadcrumbList\",\"@id\":\"https:\/\/alexandragrosser.de\/startseite\/23-dezember\/#breadcrumb\",\"itemListElement\":[{\"@type\":\"ListItem\",\"position\":1,\"name\":\"Startseite\",\"item\":\"https:\/\/alexandragrosser.de\/startseite\/\"},{\"@type\":\"ListItem\",\"position\":2,\"name\":\"23. Dezember\"}]},{\"@type\":\"WebSite\",\"@id\":\"https:\/\/alexandragrosser.de\/startseite\/#website\",\"url\":\"https:\/\/alexandragrosser.de\/startseite\/\",\"name\":\"Alexandra Gro\u00dfer\",\"description\":\"Impuls und Begleitung - Seminare, Beratung, Blog-Impulse\",\"publisher\":{\"@id\":\"https:\/\/alexandragrosser.de\/startseite\/#organization\"},\"potentialAction\":[{\"@type\":\"SearchAction\",\"target\":{\"@type\":\"EntryPoint\",\"urlTemplate\":\"https:\/\/alexandragrosser.de\/startseite\/?s={search_term_string}\"},\"query-input\":{\"@type\":\"PropertyValueSpecification\",\"valueRequired\":true,\"valueName\":\"search_term_string\"}}],\"inLanguage\":\"de\"},{\"@type\":\"Organization\",\"@id\":\"https:\/\/alexandragrosser.de\/startseite\/#organization\",\"name\":\"Impuls und Begleitung\",\"url\":\"https:\/\/alexandragrosser.de\/startseite\/\",\"logo\":{\"@type\":\"ImageObject\",\"inLanguage\":\"de\",\"@id\":\"https:\/\/alexandragrosser.de\/startseite\/#\/schema\/logo\/image\/\",\"url\":\"https:\/\/alexandragrosser.de\/wp-content\/uploads\/2023\/11\/Logo-Impuls1.jpg\",\"contentUrl\":\"https:\/\/alexandragrosser.de\/wp-content\/uploads\/2023\/11\/Logo-Impuls1.jpg\",\"width\":500,\"height\":500,\"caption\":\"Impuls und Begleitung\"},\"image\":{\"@id\":\"https:\/\/alexandragrosser.de\/startseite\/#\/schema\/logo\/image\/\"}}]}<\/script>\n<!-- \/ Yoast SEO plugin. -->","yoast_head_json":{"title":"23. Dezember | Impuls &amp; Begleitung","description":"Das haben wir schon immer so gemacht. Eine Geschichte hinterfragt die Gr\u00fcnde. Impuls Weihnachten Advent Rauhn\u00e4chte Altes loslassen","robots":{"index":"index","follow":"follow","max-snippet":"max-snippet:-1","max-image-preview":"max-image-preview:large","max-video-preview":"max-video-preview:-1"},"canonical":"https:\/\/alexandragrosser.de\/startseite\/23-dezember\/","og_locale":"de_DE","og_type":"article","og_title":"23. Dezember | Impuls &amp; Begleitung","og_description":"Das haben wir schon immer so gemacht. Eine Geschichte hinterfragt die Gr\u00fcnde. Impuls Weihnachten Advent Rauhn\u00e4chte Altes loslassen","og_url":"https:\/\/alexandragrosser.de\/startseite\/23-dezember\/","og_site_name":"Impuls &amp; Begleitung","article_modified_time":"2023-12-31T08:48:27+00:00","og_image":[{"url":"https:\/\/alexandragrosser.de\/wp-content\/uploads\/2023\/12\/Engel-1.png","type":"","width":"","height":""}],"twitter_card":"summary_large_image","twitter_misc":{"Gesch\u00e4tzte Lesezeit":"2\u00a0Minuten"},"schema":{"@context":"https:\/\/schema.org","@graph":[{"@type":"WebPage","@id":"https:\/\/alexandragrosser.de\/startseite\/23-dezember\/","url":"https:\/\/alexandragrosser.de\/startseite\/23-dezember\/","name":"23. Dezember | Impuls &amp; Begleitung","isPartOf":{"@id":"https:\/\/alexandragrosser.de\/startseite\/#website"},"primaryImageOfPage":{"@id":"https:\/\/alexandragrosser.de\/startseite\/23-dezember\/#primaryimage"},"image":{"@id":"https:\/\/alexandragrosser.de\/startseite\/23-dezember\/#primaryimage"},"thumbnailUrl":"https:\/\/alexandragrosser.de\/wp-content\/uploads\/2023\/12\/Engel-1.png","datePublished":"2023-12-22T22:58:00+00:00","dateModified":"2023-12-31T08:48:27+00:00","description":"Das haben wir schon immer so gemacht. Eine Geschichte hinterfragt die Gr\u00fcnde. Impuls Weihnachten Advent Rauhn\u00e4chte Altes loslassen","breadcrumb":{"@id":"https:\/\/alexandragrosser.de\/startseite\/23-dezember\/#breadcrumb"},"inLanguage":"de","potentialAction":[{"@type":"ReadAction","target":["https:\/\/alexandragrosser.de\/startseite\/23-dezember\/"]}]},{"@type":"ImageObject","inLanguage":"de","@id":"https:\/\/alexandragrosser.de\/startseite\/23-dezember\/#primaryimage","url":"https:\/\/alexandragrosser.de\/wp-content\/uploads\/2023\/12\/Engel-1.png","contentUrl":"https:\/\/alexandragrosser.de\/wp-content\/uploads\/2023\/12\/Engel-1.png"},{"@type":"BreadcrumbList","@id":"https:\/\/alexandragrosser.de\/startseite\/23-dezember\/#breadcrumb","itemListElement":[{"@type":"ListItem","position":1,"name":"Startseite","item":"https:\/\/alexandragrosser.de\/startseite\/"},{"@type":"ListItem","position":2,"name":"23. Dezember"}]},{"@type":"WebSite","@id":"https:\/\/alexandragrosser.de\/startseite\/#website","url":"https:\/\/alexandragrosser.de\/startseite\/","name":"Alexandra Gro\u00dfer","description":"Impuls und Begleitung - Seminare, Beratung, Blog-Impulse","publisher":{"@id":"https:\/\/alexandragrosser.de\/startseite\/#organization"},"potentialAction":[{"@type":"SearchAction","target":{"@type":"EntryPoint","urlTemplate":"https:\/\/alexandragrosser.de\/startseite\/?s={search_term_string}"},"query-input":{"@type":"PropertyValueSpecification","valueRequired":true,"valueName":"search_term_string"}}],"inLanguage":"de"},{"@type":"Organization","@id":"https:\/\/alexandragrosser.de\/startseite\/#organization","name":"Impuls und Begleitung","url":"https:\/\/alexandragrosser.de\/startseite\/","logo":{"@type":"ImageObject","inLanguage":"de","@id":"https:\/\/alexandragrosser.de\/startseite\/#\/schema\/logo\/image\/","url":"https:\/\/alexandragrosser.de\/wp-content\/uploads\/2023\/11\/Logo-Impuls1.jpg","contentUrl":"https:\/\/alexandragrosser.de\/wp-content\/uploads\/2023\/11\/Logo-Impuls1.jpg","width":500,"height":500,"caption":"Impuls und Begleitung"},"image":{"@id":"https:\/\/alexandragrosser.de\/startseite\/#\/schema\/logo\/image\/"}}]}},"uagb_featured_image_src":{"full":false,"thumbnail":false,"medium":false,"medium_large":false,"large":false,"1536x1536":false,"2048x2048":false,"ultp_layout_landscape_large":false,"ultp_layout_landscape":false,"ultp_layout_portrait":false,"ultp_layout_square":false},"uagb_author_info":{"display_name":"Alexandra","author_link":"https:\/\/alexandragrosser.de\/startseite\/author\/alexandra\/"},"uagb_comment_info":0,"uagb_excerpt":"Die angebundene Katze Ein alter und weiser M\u00f6nch hielt mit den jungen M\u00f6nchendes Klosters t\u00e4glich eine Abendmeditation. Als eines Tages die Klosterkatze w\u00e4hrend dieser Zeit in die Kapelle lief und st\u00f6rte, ordnete der alte M\u00f6nch an, die Katze sollte w\u00e4hrend &hellip; Weiterlesen &rarr;","coauthors":[],"author_meta":{"author_link":"https:\/\/alexandragrosser.de\/startseite\/author\/alexandra\/","display_name":"Alexandra"},"relative_dates":{"created":"Posted 2\u00a0Jahren ago","modified":"Updated 2\u00a0Jahren ago"},"absolute_dates":{"created":"Posted on 22. Dezember 2023","modified":"Updated on 31. Dezember 2023"},"absolute_dates_time":{"created":"Posted on 22. Dezember 2023 23:58","modified":"Updated on 31. Dezember 2023 9:48"},"featured_img_caption":"","featured_img":false,"series_order":"","_links":{"self":[{"href":"https:\/\/alexandragrosser.de\/startseite\/wp-json\/wp\/v2\/pages\/1137","targetHints":{"allow":["GET"]}}],"collection":[{"href":"https:\/\/alexandragrosser.de\/startseite\/wp-json\/wp\/v2\/pages"}],"about":[{"href":"https:\/\/alexandragrosser.de\/startseite\/wp-json\/wp\/v2\/types\/page"}],"author":[{"embeddable":true,"href":"https:\/\/alexandragrosser.de\/startseite\/wp-json\/wp\/v2\/users\/1"}],"replies":[{"embeddable":true,"href":"https:\/\/alexandragrosser.de\/startseite\/wp-json\/wp\/v2\/comments?post=1137"}],"version-history":[{"count":0,"href":"https:\/\/alexandragrosser.de\/startseite\/wp-json\/wp\/v2\/pages\/1137\/revisions"}],"wp:attachment":[{"href":"https:\/\/alexandragrosser.de\/startseite\/wp-json\/wp\/v2\/media?parent=1137"}],"curies":[{"name":"wp","href":"https:\/\/api.w.org\/{rel}","templated":true}]}}